{"id":13532,"date":"2021-01-12T11:31:07","date_gmt":"2021-01-12T14:31:07","guid":{"rendered":"https:\/\/www.smartfit.com.br\/news\/?page_id=13532"},"modified":"2021-01-12T13:35:09","modified_gmt":"2021-01-12T16:35:09","slug":"sucesso-quer-aumentar-sua-imunidade-saiba-tudo-sobre-a-influencia-da-alimentacao-na-defesa-do-seu-organismo-%e2%80%8b","status":"publish","type":"page","link":"https:\/\/www.smartfit.com.br\/news\/sucesso-quer-aumentar-sua-imunidade-saiba-tudo-sobre-a-influencia-da-alimentacao-na-defesa-do-seu-organismo-%e2%80%8b\/","title":{"rendered":"Sucesso &#8211; QUER AUMENTAR SUA IMUNIDADE? Saiba tudo sobre a influ\u00eancia da alimenta\u00e7\u00e3o na defesa do seu organismo.\u200b"},"content":{"rendered":"\t\t<div data-elementor-type=\"wp-page\" data-elementor-id=\"13532\" class=\"elementor elementor-13532\">\n\t\t\t\t\t\t<section class=\"elementor-section elementor-top-section elementor-element elementor-element-ad1e915 elementor-section-full_width elementor-section-stretched elementor-section-height-default elementor-section-height-default\" data-id=\"ad1e915\" data-element_type=\"section\" data-e-type=\"section\" data-settings=\"{&quot;background_background&quot;:&quot;classic&quot;,&quot;stretch_section&quot;:&quot;section-stretched&quot;}\">\n\t\t\t\t\t\t\t<div class=\"elementor-background-overlay\"><\/div>\n\t\t\t\t\t\t\t<div class=\"elementor-container elementor-column-gap-no\">\n\t\t\t\t\t<div class=\"elementor-column elementor-col-100 elementor-top-column elementor-element elementor-element-97ebb43\" data-id=\"97ebb43\" data-element_type=\"column\" data-e-type=\"column\" data-settings=\"{&quot;background_background&quot;:&quot;classic&quot;}\">\n\t\t\t<div class=\"elementor-widget-wrap elementor-element-populated\">\n\t\t\t\t\t\t<div class=\"elementor-element elementor-element-6fd63e8 elementor-widget elementor-widget-image\" data-id=\"6fd63e8\" data-element_type=\"widget\" data-e-type=\"widget\" data-widget_type=\"image.default\">\n\t\t\t\t<div class=\"elementor-widget-container\">\n\t\t\t\t\t\t\t\t\t\t\t\t\t\t\t<img decoding=\"async\" width=\"180\" height=\"85\" src=\"https:\/\/www.smartfit.com.br\/news\/wp-content\/uploads\/2020\/12\/Logo-Nutri.png\" class=\"attachment-large size-large wp-image-12849\" alt=\"\" \/>\t\t\t\t\t\t\t\t\t\t\t\t\t\t\t<\/div>\n\t\t\t\t<\/div>\n\t\t\t\t<section class=\"elementor-section elementor-inner-section elementor-element elementor-element-d0db4d4 elementor-section-boxed elementor-section-height-default elementor-section-height-default\" data-id=\"d0db4d4\" data-element_type=\"section\" data-e-type=\"section\" data-settings=\"{&quot;background_background&quot;:&quot;classic&quot;}\">\n\t\t\t\t\t\t<div class=\"elementor-container elementor-column-gap-default\">\n\t\t\t\t\t<div class=\"elementor-column elementor-col-50 elementor-inner-column elementor-element elementor-element-59c7c67\" data-id=\"59c7c67\" data-element_type=\"column\" data-e-type=\"column\">\n\t\t\t<div class=\"elementor-widget-wrap elementor-element-populated\">\n\t\t\t\t\t\t<div class=\"elementor-element elementor-element-2d195471 elementor-widget elementor-widget-heading\" data-id=\"2d195471\" data-element_type=\"widget\" data-e-type=\"widget\" data-widget_type=\"heading.default\">\n\t\t\t\t<div class=\"elementor-widget-container\">\n\t\t\t\t\t<h2 class=\"elementor-heading-title elementor-size-default\">Parab\u00e9ns!<\/h2>\t\t\t\t<\/div>\n\t\t\t\t<\/div>\n\t\t\t\t<div class=\"elementor-element elementor-element-de3b6ba elementor-widget elementor-widget-heading\" data-id=\"de3b6ba\" data-element_type=\"widget\" data-e-type=\"widget\" data-widget_type=\"heading.default\">\n\t\t\t\t<div class=\"elementor-widget-container\">\n\t\t\t\t\t<h3 class=\"elementor-heading-title elementor-size-large\">Agora, voc\u00ea tem todas as informa\u00e7\u00f5es para garantir que a sua sa\u00fade esteja forte.<\/h3>\t\t\t\t<\/div>\n\t\t\t\t<\/div>\n\t\t\t\t<div class=\"elementor-element elementor-element-572030e elementor-widget__width-initial elementor-widget elementor-widget-spacer\" data-id=\"572030e\" data-element_type=\"widget\" data-e-type=\"widget\" data-widget_type=\"spacer.default\">\n\t\t\t\t<div class=\"elementor-widget-container\">\n\t\t\t\t\t\t\t<div class=\"elementor-spacer\">\n\t\t\t<div class=\"elementor-spacer-inner\"><\/div>\n\t\t<\/div>\n\t\t\t\t\t\t<\/div>\n\t\t\t\t<\/div>\n\t\t\t\t<div class=\"elementor-element elementor-element-d29c5e3 elementor-hidden-desktop elementor-hidden-tablet elementor-widget elementor-widget-image\" data-id=\"d29c5e3\" data-element_type=\"widget\" data-e-type=\"widget\" data-widget_type=\"image.default\">\n\t\t\t\t<div class=\"elementor-widget-container\">\n\t\t\t\t\t\t\t\t\t\t\t\t\t\t\t<img fetchpriority=\"high\" decoding=\"async\" width=\"283\" height=\"292\" src=\"https:\/\/www.smartfit.com.br\/news\/wp-content\/uploads\/2021\/01\/ebook-e1609803918583.png\" class=\"attachment-full size-full wp-image-13187\" alt=\"\" \/>\t\t\t\t\t\t\t\t\t\t\t\t\t\t\t<\/div>\n\t\t\t\t<\/div>\n\t\t\t\t<div class=\"elementor-element elementor-element-7a15ec6 elementor-widget elementor-widget-text-editor\" data-id=\"7a15ec6\" data-element_type=\"widget\" data-e-type=\"widget\" data-widget_type=\"text-editor.default\">\n\t\t\t\t<div class=\"elementor-widget-container\">\n\t\t\t\t\t\t\t\t\t<h3 style=\"text-align: left;\"><b>Voc\u00ea vai receber o e-book por e-mail, mas j\u00e1 pode acess\u00e1-lo diretamente aqui.<\/b><\/h3>\t\t\t\t\t\t\t\t<\/div>\n\t\t\t\t<\/div>\n\t\t\t\t<div class=\"elementor-element elementor-element-95f2e09 elementor-button-danger elementor-align-justify elementor-widget elementor-widget-button\" data-id=\"95f2e09\" data-element_type=\"widget\" data-e-type=\"widget\" data-widget_type=\"button.default\">\n\t\t\t\t<div class=\"elementor-widget-container\">\n\t\t\t\t\t\t\t\t\t<div class=\"elementor-button-wrapper\">\n\t\t\t\t\t<a class=\"elementor-button elementor-button-link elementor-size-xl\" href=\"http:\/\/image.contato.smartfit.com.br\/lib\/fe341171716404797c1771\/m\/1\/822978cf-f425-4c6f-b12e-5de79a72454b.pdf\" target=\"_blank\" rel=\"nofollow\">\n\t\t\t\t\t\t<span class=\"elementor-button-content-wrapper\">\n\t\t\t\t\t\t\t\t\t<span class=\"elementor-button-text\">ACESSAR MEU E-BOOK!<\/span>\n\t\t\t\t\t<\/span>\n\t\t\t\t\t<\/a>\n\t\t\t\t<\/div>\n\t\t\t\t\t\t\t\t<\/div>\n\t\t\t\t<\/div>\n\t\t\t\t\t<\/div>\n\t\t<\/div>\n\t\t\t\t<div class=\"elementor-column elementor-col-50 elementor-inner-column elementor-element elementor-element-5331afb elementor-hidden-phone\" data-id=\"5331afb\" data-element_type=\"column\" data-e-type=\"column\" data-settings=\"{&quot;background_background&quot;:&quot;classic&quot;}\">\n\t\t\t<div class=\"elementor-widget-wrap elementor-element-populated\">\n\t\t\t\t\t\t<div class=\"elementor-element elementor-element-267438f elementor-widget__width-initial elementor-absolute elementor-widget elementor-widget-image\" data-id=\"267438f\" data-element_type=\"widget\" data-e-type=\"widget\" data-settings=\"{&quot;_position&quot;:&quot;absolute&quot;}\" data-widget_type=\"image.default\">\n\t\t\t\t<div class=\"elementor-widget-container\">\n\t\t\t\t\t\t\t\t\t\t\t\t\t\t\t<img decoding=\"async\" width=\"1181\" height=\"691\" src=\"https:\/\/www.smartfit.com.br\/news\/wp-content\/uploads\/2021\/01\/ebook-imunidade-1-1.png\" class=\"attachment-full size-full wp-image-13513\" alt=\"\" srcset=\"https:\/\/www.smartfit.com.br\/news\/wp-content\/uploads\/2021\/01\/ebook-imunidade-1-1.png 1181w, https:\/\/www.smartfit.com.br\/news\/wp-content\/uploads\/2021\/01\/ebook-imunidade-1-1-300x176.png 300w, https:\/\/www.smartfit.com.br\/news\/wp-content\/uploads\/2021\/01\/ebook-imunidade-1-1-1024x599.png 1024w, https:\/\/www.smartfit.com.br\/news\/wp-content\/uploads\/2021\/01\/ebook-imunidade-1-1-768x449.png 768w, https:\/\/www.smartfit.com.br\/news\/wp-content\/uploads\/2021\/01\/ebook-imunidade-1-1-800x468.png 800w\" sizes=\"(max-width: 1181px) 100vw, 1181px\" \/>\t\t\t\t\t\t\t\t\t\t\t\t\t\t\t<\/div>\n\t\t\t\t<\/div>\n\t\t\t\t<div class=\"elementor-element elementor-element-6159450 elementor-hidden-phone elementor-widget elementor-widget-heading\" data-id=\"6159450\" data-element_type=\"widget\" data-e-type=\"widget\" data-widget_type=\"heading.default\">\n\t\t\t\t<div class=\"elementor-widget-container\">\n\t\t\t\t\t<h3 class=\"elementor-heading-title elementor-size-default\"><span style=\"margin-bottom:10px\">INFLU\u00caNCIA DA ALIMENTA\u00c7\u00c3O NA DEFESA \nDO ORGANISMO:\n<\/span>\n<span style=\"color:#FFAB34;background:#000;line-height:32px;padding:2px 4px\">como recuperar, manter e fortalecer a sua sa\u00fade.\u200b<\/span><\/h3>\t\t\t\t<\/div>\n\t\t\t\t<\/div>\n\t\t\t\t<div class=\"elementor-element elementor-element-383ff62 elementor-widget__width-auto elementor-absolute elementor-widget elementor-widget-image\" data-id=\"383ff62\" data-element_type=\"widget\" data-e-type=\"widget\" data-settings=\"{&quot;_position&quot;:&quot;absolute&quot;}\" data-widget_type=\"image.default\">\n\t\t\t\t<div class=\"elementor-widget-container\">\n\t\t\t\t\t\t\t\t\t\t\t\t\t\t\t<img loading=\"lazy\" decoding=\"async\" width=\"182\" height=\"208\" src=\"https:\/\/www.smartfit.com.br\/news\/wp-content\/uploads\/2020\/12\/selo.png\" class=\"attachment-full size-full wp-image-12895\" alt=\"\" \/>\t\t\t\t\t\t\t\t\t\t\t\t\t\t\t<\/div>\n\t\t\t\t<\/div>\n\t\t\t\t<div class=\"elementor-element elementor-element-e798a6f elementor-widget elementor-widget-image\" data-id=\"e798a6f\" data-element_type=\"widget\" data-e-type=\"widget\" data-widget_type=\"image.default\">\n\t\t\t\t<div class=\"elementor-widget-container\">\n\t\t\t\t\t\t\t\t\t\t\t\t\t\t\t<img loading=\"lazy\" decoding=\"async\" width=\"183\" height=\"192\" src=\"https:\/\/www.smartfit.com.br\/news\/wp-content\/uploads\/2020\/12\/8-receitas.png\" class=\"attachment-full size-full wp-image-12896\" alt=\"\" \/>\t\t\t\t\t\t\t\t\t\t\t\t\t\t\t<\/div>\n\t\t\t\t<\/div>\n\t\t\t\t\t<\/div>\n\t\t<\/div>\n\t\t\t\t\t<\/div>\n\t\t<\/section>\n\t\t\t\t\t<\/div>\n\t\t<\/div>\n\t\t\t\t\t<\/div>\n\t\t<\/section>\n\t\t\t\t<section class=\"elementor-section elementor-top-section elementor-element elementor-element-f3a70bd elementor-section-boxed elementor-section-height-default elementor-section-height-default\" data-id=\"f3a70bd\" data-element_type=\"section\" data-e-type=\"section\">\n\t\t\t\t\t\t<div class=\"elementor-container elementor-column-gap-default\">\n\t\t\t\t\t<div class=\"elementor-column elementor-col-100 elementor-top-column elementor-element elementor-element-8e2581d\" data-id=\"8e2581d\" data-element_type=\"column\" data-e-type=\"column\">\n\t\t\t<div class=\"elementor-widget-wrap elementor-element-populated\">\n\t\t\t\t\t\t<div class=\"elementor-element elementor-element-3e1e432 elementor-widget elementor-widget-heading\" data-id=\"3e1e432\" data-element_type=\"widget\" data-e-type=\"widget\" data-widget_type=\"heading.default\">\n\t\t\t\t<div class=\"elementor-widget-container\">\n\t\t\t\t\t<p class=\"elementor-heading-title elementor-size-default\">SIGA A SMART FIT NAS REDES SOCIAIS<\/p>\t\t\t\t<\/div>\n\t\t\t\t<\/div>\n\t\t\t\t<div class=\"elementor-element elementor-element-5061525 e-grid-align-mobile-center elementor-shape-rounded elementor-grid-0 e-grid-align-center elementor-widget elementor-widget-social-icons\" data-id=\"5061525\" data-element_type=\"widget\" data-e-type=\"widget\" data-widget_type=\"social-icons.default\">\n\t\t\t\t<div class=\"elementor-widget-container\">\n\t\t\t\t\t\t\t<div class=\"elementor-social-icons-wrapper elementor-grid\" role=\"list\">\n\t\t\t\t\t\t\t<span class=\"elementor-grid-item\" role=\"listitem\">\n\t\t\t\t\t<a class=\"elementor-icon elementor-social-icon elementor-social-icon-twitter elementor-repeater-item-c7d2743\" href=\"https:\/\/twitter.com\/SmartFitOficial\" target=\"_blank\" rel=\"nofollow\">\n\t\t\t\t\t\t<span class=\"elementor-screen-only\">Twitter<\/span>\n\t\t\t\t\t\t<i aria-hidden=\"true\" class=\"fab fa-twitter\"><\/i>\t\t\t\t\t<\/a>\n\t\t\t\t<\/span>\n\t\t\t\t\t\t\t<span class=\"elementor-grid-item\" role=\"listitem\">\n\t\t\t\t\t<a class=\"elementor-icon elementor-social-icon elementor-social-icon-youtube elementor-repeater-item-eeaf574\" href=\"https:\/\/www.youtube.com\/user\/smartfitacademia\" target=\"_blank\" rel=\"nofollow\">\n\t\t\t\t\t\t<span class=\"elementor-screen-only\">Youtube<\/span>\n\t\t\t\t\t\t<i aria-hidden=\"true\" class=\"fab fa-youtube\"><\/i>\t\t\t\t\t<\/a>\n\t\t\t\t<\/span>\n\t\t\t\t\t\t\t<span class=\"elementor-grid-item\" role=\"listitem\">\n\t\t\t\t\t<a class=\"elementor-icon elementor-social-icon elementor-social-icon-facebook elementor-repeater-item-8d044ea\" href=\"https:\/\/www.facebook.com\/SmartFit.Oficial\/\" target=\"_blank\" rel=\"nofollow\">\n\t\t\t\t\t\t<span class=\"elementor-screen-only\">Facebook<\/span>\n\t\t\t\t\t\t<i aria-hidden=\"true\" class=\"fab fa-facebook\"><\/i>\t\t\t\t\t<\/a>\n\t\t\t\t<\/span>\n\t\t\t\t\t\t\t<span class=\"elementor-grid-item\" role=\"listitem\">\n\t\t\t\t\t<a class=\"elementor-icon elementor-social-icon elementor-social-icon-instagram elementor-repeater-item-c2a384e\" href=\"https:\/\/www.instagram.com\/smartfit\/\" target=\"_blank\" rel=\"nofollow\">\n\t\t\t\t\t\t<span class=\"elementor-screen-only\">Instagram<\/span>\n\t\t\t\t\t\t<i aria-hidden=\"true\" class=\"fab fa-instagram\"><\/i>\t\t\t\t\t<\/a>\n\t\t\t\t<\/span>\n\t\t\t\t\t<\/div>\n\t\t\t\t\t\t<\/div>\n\t\t\t\t<\/div>\n\t\t\t\t\t<\/div>\n\t\t<\/div>\n\t\t\t\t\t<\/div>\n\t\t<\/section>\n\t\t\t\t<\/div>\n\t\t","protected":false},"excerpt":{"rendered":"<p>Parab\u00e9ns! Agora, voc\u00ea tem todas as informa\u00e7\u00f5es para garantir que a sua sa\u00fade esteja forte. Voc\u00ea vai receber o e-book por e-mail, mas j\u00e1 pode acess\u00e1-lo diretamente aqui. ACESSAR MEU E-BOOK! INFLU\u00caNCIA DA ALIMENTA\u00c7\u00c3O NA DEFESA DO ORGANISMO: como recuperar, manter e fortalecer a sua sa\u00fade.\u200b SIGA A SMART FIT NAS REDES SOCIAIS Twitter Youtube [&hellip;]<\/p>\n","protected":false},"author":1,"featured_media":0,"parent":0,"menu_order":0,"comment_status":"closed","ping_status":"closed","template":"elementor_canvas","meta":{"footnotes":""},"class_list":["post-13532","page","type-page","status-publish","hentry"],"acf":[],"aioseo_notices":[],"_links":{"self":[{"href":"https:\/\/www.smartfit.com.br\/news\/wp-json\/wp\/v2\/pages\/13532","targetHints":{"allow":["GET"]}}],"collection":[{"href":"https:\/\/www.smartfit.com.br\/news\/wp-json\/wp\/v2\/pages"}],"about":[{"href":"https:\/\/www.smartfit.com.br\/news\/wp-json\/wp\/v2\/types\/page"}],"author":[{"embeddable":true,"href":"https:\/\/www.smartfit.com.br\/news\/wp-json\/wp\/v2\/users\/1"}],"replies":[{"embeddable":true,"href":"https:\/\/www.smartfit.com.br\/news\/wp-json\/wp\/v2\/comments?post=13532"}],"version-history":[{"count":37,"href":"https:\/\/www.smartfit.com.br\/news\/wp-json\/wp\/v2\/pages\/13532\/revisions"}],"predecessor-version":[{"id":13586,"href":"https:\/\/www.smartfit.com.br\/news\/wp-json\/wp\/v2\/pages\/13532\/revisions\/13586"}],"wp:attachment":[{"href":"https:\/\/www.smartfit.com.br\/news\/wp-json\/wp\/v2\/media?parent=13532"}],"curies":[{"name":"wp","href":"https:\/\/api.w.org\/{rel}","templated":true}]}}